{"id":23698,"date":"2021-07-27T16:23:25","date_gmt":"2021-10-14T08:06:59","guid":{"rendered":"https:\/\/eurostil.com.ar\/producto\/ferro-profissional-ceramica-e-turmalina\/"},"modified":"2021-10-14T08:06:59","modified_gmt":"2021-10-14T08:06:59","slug":"ferro-profissional-ceramica-turmalina","status":"publish","type":"product","link":"https:\/\/eurostil.com.ar\/pt-pt\/producto\/ferro-profissional-ceramica-turmalina\/","title":{"rendered":"Ferro profissional CER\u00c1MICA e TURMALINA"},"content":{"rendered":"","protected":false},"excerpt":{"rendered":"<p>          <strong>Caracteristicas:<\/strong><\/p>\n<ul>\n<li class=\"p2\">Placas de cer\u00e1mica com Turmalina que cuidam do cabelo proporcionando brilho e suavidade, atrav\u00e9s da sua carga i\u00f3nica previne a eletricidade est\u00e1tica e o encrespamento do cabelo, com tecnologia Nano Silver (elimina as bact\u00e9rias)<\/li>\n<li class=\"p2\">Fun\u00e7\u00e3o de desligar automaticamente: passado uns 60 minutos<\/li>\n<li class=\"p2\">Cabo rotativo de 360\u00ba, de borracha e de 3 m<\/li>\n<li class=\"p2\">Resist\u00eancia: Aquecimento das placas em apenas 20 segundos, com resist\u00eancia MCH<\/li>\n<li class=\"p2\">Temperatura ajust\u00e1vel entre 80\u00baC e 230\u00baC.<\/li>\n<li class=\"p2\">Display LCD indica a temperatura<\/li>\n<li class=\"p2\">Term\u00f3stato interno que evita o sobreaquecimento<\/li>\n<li class=\"p2\">Pega \u201cSOFT-TOUCH\u201d.<\/li>\n<li class=\"p2\">Adequado para qualquer tipo de cabelo natural.<\/li>\n<li class=\"p2\">N\u00c3O UTILIZAR EM CABELO SINT\u00c9TICO OU MOLHADO<\/li>\n<li class=\"p2\">Voltagem: 110-240V~<\/li>\n<li class=\"p2\">Frequ\u00eancia: 50\/60 Hz.<\/li>\n<li class=\"p2\">Pot\u00eancia: 43W.<\/li>\n<\/ul>\n","protected":false},"featured_media":20913,"comment_status":"open","ping_status":"closed","template":"","meta":{"inline_featured_image":false},"product_brand":[],"product_cat":[390,333,334],"product_tag":[398,399,401,400],"class_list":{"0":"post-23698","1":"product","2":"type-product","3":"status-publish","4":"has-post-thumbnail","6":"brand-eurostil-argentina","7":"product_cat-alisadores-de-cabelo","8":"product_cat-cabeleireiro-pt-pt","9":"product_cat-eletricos-peluqueria-pt-pt","10":"product_tag-prancha-cabelo","11":"product_tag-prancha-cabelo-pt-pt","12":"product_tag-prancha-cabelo-profissional-pt-pt","13":"product_tag-prancha-cabelo-profissional","15":"first","16":"instock","17":"taxable","18":"shipping-taxable","19":"product-type-simple"},"_links":{"self":[{"href":"https:\/\/eurostil.com.ar\/pt-pt\/wp-json\/wp\/v2\/product\/23698","targetHints":{"allow":["GET"]}}],"collection":[{"href":"https:\/\/eurostil.com.ar\/pt-pt\/wp-json\/wp\/v2\/product"}],"about":[{"href":"https:\/\/eurostil.com.ar\/pt-pt\/wp-json\/wp\/v2\/types\/product"}],"replies":[{"embeddable":true,"href":"https:\/\/eurostil.com.ar\/pt-pt\/wp-json\/wp\/v2\/comments?post=23698"}],"wp:featuredmedia":[{"embeddable":true,"href":"https:\/\/eurostil.com.ar\/pt-pt\/wp-json\/wp\/v2\/media\/20913"}],"wp:attachment":[{"href":"https:\/\/eurostil.com.ar\/pt-pt\/wp-json\/wp\/v2\/media?parent=23698"}],"wp:term":[{"taxonomy":"product_brand","embeddable":true,"href":"https:\/\/eurostil.com.ar\/pt-pt\/wp-json\/wp\/v2\/product_brand?post=23698"},{"taxonomy":"product_cat","embeddable":true,"href":"https:\/\/eurostil.com.ar\/pt-pt\/wp-json\/wp\/v2\/product_cat?post=23698"},{"taxonomy":"product_tag","embeddable":true,"href":"https:\/\/eurostil.com.ar\/pt-pt\/wp-json\/wp\/v2\/product_tag?post=23698"}],"curies":[{"name":"wp","href":"https:\/\/api.w.org\/{rel}","templated":true}]}}