{"id":23697,"date":"2021-07-27T16:26:59","date_gmt":"2021-10-14T08:06:57","guid":{"rendered":"https:\/\/eurostil.com.ar\/producto\/ferro-profissional-easy\/"},"modified":"2023-10-29T12:33:12","modified_gmt":"2023-10-29T12:33:12","slug":"ferro-profissional-easy","status":"publish","type":"product","link":"https:\/\/eurostil.com.ar\/pt-pt\/producto\/ferro-profissional-easy\/","title":{"rendered":"Ferro profissional EASY"},"content":{"rendered":"","protected":false},"excerpt":{"rendered":"<p>          <strong>Caracteristicas:<\/strong><\/p>\n<ul>\n<li class=\"p2\">Placas de Cer\u00e2mica com Turmalina que cuidam do cabelo proporcionando brilho e suavidade, mediante o seu carregamento i\u00f3nico previne a eletriza\u00e7\u00e3o dos cabelos e que estes fiquem encrespados, a tecnologia Nano Silver (elimina as bact\u00e9rias).<\/li>\n<li class=\"p2\">Fun\u00e7\u00e3o de auto desconex\u00e3o: o aparelho desliga-se de forma autom\u00e1tica, caso n\u00e3o seja utilizado passados cerca de 60 minutos.<\/li>\n<\/ul>\n","protected":false},"featured_media":20918,"comment_status":"open","ping_status":"closed","template":"","meta":{"inline_featured_image":false},"product_brand":[],"product_cat":[390,333,334],"product_tag":[398,399,401,400],"class_list":{"0":"post-23697","1":"product","2":"type-product","3":"status-publish","4":"has-post-thumbnail","6":"brand-eurostil-argentina","7":"product_cat-alisadores-de-cabelo","8":"product_cat-cabeleireiro-pt-pt","9":"product_cat-eletricos-peluqueria-pt-pt","10":"product_tag-prancha-cabelo","11":"product_tag-prancha-cabelo-pt-pt","12":"product_tag-prancha-cabelo-profissional-pt-pt","13":"product_tag-prancha-cabelo-profissional","15":"first","16":"instock","17":"taxable","18":"shipping-taxable","19":"product-type-simple"},"_links":{"self":[{"href":"https:\/\/eurostil.com.ar\/pt-pt\/wp-json\/wp\/v2\/product\/23697","targetHints":{"allow":["GET"]}}],"collection":[{"href":"https:\/\/eurostil.com.ar\/pt-pt\/wp-json\/wp\/v2\/product"}],"about":[{"href":"https:\/\/eurostil.com.ar\/pt-pt\/wp-json\/wp\/v2\/types\/product"}],"replies":[{"embeddable":true,"href":"https:\/\/eurostil.com.ar\/pt-pt\/wp-json\/wp\/v2\/comments?post=23697"}],"wp:featuredmedia":[{"embeddable":true,"href":"https:\/\/eurostil.com.ar\/pt-pt\/wp-json\/wp\/v2\/media\/20918"}],"wp:attachment":[{"href":"https:\/\/eurostil.com.ar\/pt-pt\/wp-json\/wp\/v2\/media?parent=23697"}],"wp:term":[{"taxonomy":"product_brand","embeddable":true,"href":"https:\/\/eurostil.com.ar\/pt-pt\/wp-json\/wp\/v2\/product_brand?post=23697"},{"taxonomy":"product_cat","embeddable":true,"href":"https:\/\/eurostil.com.ar\/pt-pt\/wp-json\/wp\/v2\/product_cat?post=23697"},{"taxonomy":"product_tag","embeddable":true,"href":"https:\/\/eurostil.com.ar\/pt-pt\/wp-json\/wp\/v2\/product_tag?post=23697"}],"curies":[{"name":"wp","href":"https:\/\/api.w.org\/{rel}","templated":true}]}}