{"id":23656,"date":"2021-07-27T17:24:10","date_gmt":"2021-07-27T17:24:10","guid":{"rendered":"https:\/\/eurostil.com.ar\/producto\/maquina-corta-cabelo-thunder-ragnar\/"},"modified":"2021-10-15T15:53:13","modified_gmt":"2021-10-15T15:53:13","slug":"maquina-corta-cabelo-thunder-ragnar","status":"publish","type":"product","link":"https:\/\/eurostil.com.ar\/pt-pt\/producto\/maquina-corta-cabelo-thunder-ragnar\/","title":{"rendered":"M\u00c1QUINA CORTA CABELO THUNDER RAGNAR"},"content":{"rendered":"","protected":false},"excerpt":{"rendered":"<p class=\"p2\"><strong>Caracteristicas:<\/strong><\/p>\n<ul>\n<li>Alavanca reguladora de l\u00e2mina.<\/li>\n<li>2 l\u00e2minas de a\u00e7o japon\u00eas.<\/li>\n<li>6 pentes adaptadores de medida (1.5, 3, 4.5, 6, 10, 12 mm).<\/li>\n<li>Escova de limpeza.<\/li>\n<li>Frasco de \u00f3leo lubrificante.<\/li>\n<li>Protetor l\u00e2mina.<\/li>\n<li>Pot\u00eancia m\u00e1xima: 10W.<\/li>\n<li>Voltagem: 100-240V~<\/li>\n<li>Frequ\u00eancia: 50\/60Hz.<\/li>\n<li>Revolu\u00e7\u00f5es por minuto: 5500+\/-800rpm.<\/li>\n<\/ul>\n<p><strong>Recambios:<\/strong><\/p>\n<ul>\n<li>RE06454\/01&#8230;&#8230; Pente 1,5 mm<\/li>\n<li>RE06454\/02&#8230;&#8230; Pente 3 mm<\/li>\n<li>RE06454\/03&#8230;&#8230; Pente 4,5 mm<\/li>\n<li>RE06454\/04&#8230;&#8230; Pente 6 mm<\/li>\n<li>RE06454\/05&#8230;&#8230; Pente 9 mm<\/li>\n<li>RE06454\/06&#8230;&#8230; Pente 12 mm<\/li>\n<li>06454&#8230;&#8230;&#8230;&#8230;&#8230; Pack 6 pentes de metal<\/li>\n<li>06457&#8230;&#8230;&#8230;&#8230;&#8230; L\u00e2mina standard<\/li>\n<li>06458&#8230;&#8230;&#8230;&#8230;&#8230; L\u00e2mina\u00a0plana<\/li>\n<li>RE06666\/01&#8230;&#8230;&#8230;. L\u00e2mina plana Thunder<\/li>\n<li>RE06666\/02&#8230;&#8230;&#8230;. L\u00e2mina Est\u00e1ndar Thunder<\/li>\n<li style=\"list-style-type: none;\"><\/li>\n<\/ul>\n<p>&nbsp;<\/p>\n","protected":false},"featured_media":20968,"comment_status":"open","ping_status":"closed","template":"","meta":{"inline_featured_image":false},"product_brand":[],"product_cat":[377,335,336],"product_tag":[405,378,406,379],"class_list":{"0":"post-23656","1":"product","2":"type-product","3":"status-publish","4":"has-post-thumbnail","6":"brand-ragnar","7":"product_cat-maquinas-corta-cabelo","8":"product_cat-barbearia-pt-pt","9":"product_cat-electricos-barberia-pt-pt","10":"product_tag-maquina-corta-cabello-ragnar-pt-pt","11":"product_tag-maquina-corta-cabelo","12":"product_tag-maquina-profesional-corta-cabello-ragnar-pt-pt","13":"product_tag-maquina-profissional-corta-cabelo","15":"first","16":"instock","17":"taxable","18":"shipping-taxable","19":"product-type-simple"},"_links":{"self":[{"href":"https:\/\/eurostil.com.ar\/pt-pt\/wp-json\/wp\/v2\/product\/23656","targetHints":{"allow":["GET"]}}],"collection":[{"href":"https:\/\/eurostil.com.ar\/pt-pt\/wp-json\/wp\/v2\/product"}],"about":[{"href":"https:\/\/eurostil.com.ar\/pt-pt\/wp-json\/wp\/v2\/types\/product"}],"replies":[{"embeddable":true,"href":"https:\/\/eurostil.com.ar\/pt-pt\/wp-json\/wp\/v2\/comments?post=23656"}],"wp:featuredmedia":[{"embeddable":true,"href":"https:\/\/eurostil.com.ar\/pt-pt\/wp-json\/wp\/v2\/media\/20968"}],"wp:attachment":[{"href":"https:\/\/eurostil.com.ar\/pt-pt\/wp-json\/wp\/v2\/media?parent=23656"}],"wp:term":[{"taxonomy":"product_brand","embeddable":true,"href":"https:\/\/eurostil.com.ar\/pt-pt\/wp-json\/wp\/v2\/product_brand?post=23656"},{"taxonomy":"product_cat","embeddable":true,"href":"https:\/\/eurostil.com.ar\/pt-pt\/wp-json\/wp\/v2\/product_cat?post=23656"},{"taxonomy":"product_tag","embeddable":true,"href":"https:\/\/eurostil.com.ar\/pt-pt\/wp-json\/wp\/v2\/product_tag?post=23656"}],"curies":[{"name":"wp","href":"https:\/\/api.w.org\/{rel}","templated":true}]}}