{"id":23655,"date":"2021-07-27T17:24:12","date_gmt":"2021-07-27T17:24:12","guid":{"rendered":"https:\/\/eurostil.com.ar\/producto\/maquina-de-toque-triumph-barber-line\/"},"modified":"2021-07-27T17:24:12","modified_gmt":"2021-07-27T17:24:12","slug":"maquina-de-toque-triumph-barber-line","status":"publish","type":"product","link":"https:\/\/eurostil.com.ar\/pt-pt\/producto\/maquina-de-toque-triumph-barber-line\/","title":{"rendered":"M\u00c1QUINA DE TOQUE TRIUMPH BARBER LINE"},"content":{"rendered":"","protected":false},"excerpt":{"rendered":"<p class=\"p2\"><strong>Caracteristicas:<\/strong><\/p>\n<ul>\n<li>Cabe\u00e7a de corte de 38 mm.<\/li>\n<li>L\u00e2mina fixa em a\u00e7o inoxid\u00e1vel.<\/li>\n<li>Adaptador de pente para medi\u00e7\u00e3o de corte (1,2 e 3 mm).<\/li>\n<li>Escova de limpeza. Lubrificante de \u00f3leo.<\/li>\n<li>Cabo de alimenta\u00e7\u00e3o.<\/li>\n<li>Base de carregamento.<\/li>\n<\/ul>\n<p><strong>Recambios peines:<\/strong><\/p>\n<ul>\n<li>RE06667\/01&#8230;&#8230; L\u00e2mina T-ZERO<\/li>\n<li>RE06667\/05&#8230;&#8230; Pente 1 mm<\/li>\n<li>RE06667\/06&#8230;&#8230; Pente 2 mm<\/li>\n<li>RE06667\/07&#8230;&#8230; Pente 3 mm<\/li>\n<\/ul>\n","protected":false},"featured_media":20970,"comment_status":"open","ping_status":"closed","template":"","meta":{"inline_featured_image":false},"product_brand":[],"product_cat":[382,335,336],"product_tag":[],"class_list":{"0":"post-23655","1":"product","2":"type-product","3":"status-publish","4":"has-post-thumbnail","6":"brand-barber-line","7":"product_cat-maquina-de-toque-pt-pt","8":"product_cat-barbearia-pt-pt","9":"product_cat-electricos-barberia-pt-pt","11":"first","12":"instock","13":"taxable","14":"shipping-taxable","15":"product-type-simple"},"_links":{"self":[{"href":"https:\/\/eurostil.com.ar\/pt-pt\/wp-json\/wp\/v2\/product\/23655","targetHints":{"allow":["GET"]}}],"collection":[{"href":"https:\/\/eurostil.com.ar\/pt-pt\/wp-json\/wp\/v2\/product"}],"about":[{"href":"https:\/\/eurostil.com.ar\/pt-pt\/wp-json\/wp\/v2\/types\/product"}],"replies":[{"embeddable":true,"href":"https:\/\/eurostil.com.ar\/pt-pt\/wp-json\/wp\/v2\/comments?post=23655"}],"wp:featuredmedia":[{"embeddable":true,"href":"https:\/\/eurostil.com.ar\/pt-pt\/wp-json\/wp\/v2\/media\/20970"}],"wp:attachment":[{"href":"https:\/\/eurostil.com.ar\/pt-pt\/wp-json\/wp\/v2\/media?parent=23655"}],"wp:term":[{"taxonomy":"product_brand","embeddable":true,"href":"https:\/\/eurostil.com.ar\/pt-pt\/wp-json\/wp\/v2\/product_brand?post=23655"},{"taxonomy":"product_cat","embeddable":true,"href":"https:\/\/eurostil.com.ar\/pt-pt\/wp-json\/wp\/v2\/product_cat?post=23655"},{"taxonomy":"product_tag","embeddable":true,"href":"https:\/\/eurostil.com.ar\/pt-pt\/wp-json\/wp\/v2\/product_tag?post=23655"}],"curies":[{"name":"wp","href":"https:\/\/api.w.org\/{rel}","templated":true}]}}