{"id":23584,"date":"2021-10-11T08:16:05","date_gmt":"2021-10-11T08:16:05","guid":{"rendered":"https:\/\/eurostil.com.ar\/producto\/frasco-de-esterilizacao-barberline\/"},"modified":"2021-10-11T08:16:05","modified_gmt":"2021-10-11T08:16:05","slug":"frasco-de-esterilizacao-barberline","status":"publish","type":"product","link":"https:\/\/eurostil.com.ar\/pt-pt\/producto\/frasco-de-esterilizacao-barberline\/","title":{"rendered":"Frasco de esteriliza\u00e7\u00e3o BARBERLINE"},"content":{"rendered":"","protected":false},"excerpt":{"rendered":"<p>Frasco de esteriliza\u00e7\u00e3o de vidro 1 litro para esterilizar utens\u00edlios por imers\u00e3o.<\/p>\n","protected":false},"featured_media":21204,"comment_status":"open","ping_status":"closed","template":"","meta":{"inline_featured_image":false},"product_brand":[],"product_cat":[348,335],"product_tag":[150],"class_list":{"0":"post-23584","1":"product","2":"type-product","3":"status-publish","4":"has-post-thumbnail","6":"brand-barber-line","7":"product_cat-acessorios-2-pt-pt","8":"product_cat-barbearia-pt-pt","9":"product_tag-esterlizador","11":"first","12":"instock","13":"taxable","14":"shipping-taxable","15":"product-type-simple"},"_links":{"self":[{"href":"https:\/\/eurostil.com.ar\/pt-pt\/wp-json\/wp\/v2\/product\/23584","targetHints":{"allow":["GET"]}}],"collection":[{"href":"https:\/\/eurostil.com.ar\/pt-pt\/wp-json\/wp\/v2\/product"}],"about":[{"href":"https:\/\/eurostil.com.ar\/pt-pt\/wp-json\/wp\/v2\/types\/product"}],"replies":[{"embeddable":true,"href":"https:\/\/eurostil.com.ar\/pt-pt\/wp-json\/wp\/v2\/comments?post=23584"}],"wp:featuredmedia":[{"embeddable":true,"href":"https:\/\/eurostil.com.ar\/pt-pt\/wp-json\/wp\/v2\/media\/21204"}],"wp:attachment":[{"href":"https:\/\/eurostil.com.ar\/pt-pt\/wp-json\/wp\/v2\/media?parent=23584"}],"wp:term":[{"taxonomy":"product_brand","embeddable":true,"href":"https:\/\/eurostil.com.ar\/pt-pt\/wp-json\/wp\/v2\/product_brand?post=23584"},{"taxonomy":"product_cat","embeddable":true,"href":"https:\/\/eurostil.com.ar\/pt-pt\/wp-json\/wp\/v2\/product_cat?post=23584"},{"taxonomy":"product_tag","embeddable":true,"href":"https:\/\/eurostil.com.ar\/pt-pt\/wp-json\/wp\/v2\/product_tag?post=23584"}],"curies":[{"name":"wp","href":"https:\/\/api.w.org\/{rel}","templated":true}]}}