{"id":23512,"date":"2021-08-20T14:02:37","date_gmt":"2021-10-11T06:33:18","guid":{"rendered":"https:\/\/eurostil.com.ar\/producto\/cabeca-manequim-cabelo-100-natural-implantacao-90o\/"},"modified":"2021-10-18T15:13:22","modified_gmt":"2021-10-18T15:13:22","slug":"cabeca-manequim-cabelo-100-natural-implantacao-90","status":"publish","type":"product","link":"https:\/\/eurostil.com.ar\/pt-pt\/producto\/cabeca-manequim-cabelo-100-natural-implantacao-90\/","title":{"rendered":"Cabe\u00e7a manequim cabelo 100% natural Implanta\u00e7\u00e3o 90\u00ba"},"content":{"rendered":"","protected":false},"excerpt":{"rendered":"<p>Cabe\u00e7as manequim cabelo 100% natural<\/p>\n<ul>\n<li>Implanta\u00e7\u00e3o 90\u00ba<\/li>\n<li>42 Implantes por cm2<\/li>\n<li>6-7 cabelos por implante<\/li>\n<li>260 cabelo por cm2<\/li>\n<li>Para corte, descolora\u00e7\u00e3o, colora\u00e7\u00e3o, permanente, penteado, coletado, seco e com prancha.<\/li>\n<li>Temperatura m\u00e1xima 180\u00baC<\/li>\n<li>Suporte inclu\u00eddo<\/li>\n<\/ul>\n","protected":false},"featured_media":21480,"comment_status":"open","ping_status":"closed","template":"","meta":{"inline_featured_image":false},"product_brand":[],"product_cat":[333,356],"product_tag":[417],"class_list":{"0":"post-23512","1":"product","2":"type-product","3":"status-publish","4":"has-post-thumbnail","6":"brand-eurostil-argentina","7":"product_cat-cabeleireiro-pt-pt","8":"product_cat-treinamento-pt-pt","9":"product_tag-cabeca-manequim","11":"first","12":"instock","13":"taxable","14":"shipping-taxable","15":"product-type-simple"},"_links":{"self":[{"href":"https:\/\/eurostil.com.ar\/pt-pt\/wp-json\/wp\/v2\/product\/23512","targetHints":{"allow":["GET"]}}],"collection":[{"href":"https:\/\/eurostil.com.ar\/pt-pt\/wp-json\/wp\/v2\/product"}],"about":[{"href":"https:\/\/eurostil.com.ar\/pt-pt\/wp-json\/wp\/v2\/types\/product"}],"replies":[{"embeddable":true,"href":"https:\/\/eurostil.com.ar\/pt-pt\/wp-json\/wp\/v2\/comments?post=23512"}],"wp:featuredmedia":[{"embeddable":true,"href":"https:\/\/eurostil.com.ar\/pt-pt\/wp-json\/wp\/v2\/media\/21480"}],"wp:attachment":[{"href":"https:\/\/eurostil.com.ar\/pt-pt\/wp-json\/wp\/v2\/media?parent=23512"}],"wp:term":[{"taxonomy":"product_brand","embeddable":true,"href":"https:\/\/eurostil.com.ar\/pt-pt\/wp-json\/wp\/v2\/product_brand?post=23512"},{"taxonomy":"product_cat","embeddable":true,"href":"https:\/\/eurostil.com.ar\/pt-pt\/wp-json\/wp\/v2\/product_cat?post=23512"},{"taxonomy":"product_tag","embeddable":true,"href":"https:\/\/eurostil.com.ar\/pt-pt\/wp-json\/wp\/v2\/product_tag?post=23512"}],"curies":[{"name":"wp","href":"https:\/\/api.w.org\/{rel}","templated":true}]}}