{"id":23508,"date":"2021-10-11T06:27:26","date_gmt":"2021-10-11T06:27:26","guid":{"rendered":"https:\/\/eurostil.com.ar\/producto\/cabeca-manequim-cabelo-100-natural-35-40cm-cabelo-natural-implantacao-45o\/"},"modified":"2021-10-11T06:27:26","modified_gmt":"2021-10-11T06:27:26","slug":"cabeca-manequim-cabelo-100-natural-35-40cm-cabelo-natural-implantacao-45o","status":"publish","type":"product","link":"https:\/\/eurostil.com.ar\/pt-pt\/producto\/cabeca-manequim-cabelo-100-natural-35-40cm-cabelo-natural-implantacao-45o\/","title":{"rendered":"Cabe\u00e7a manequim cabelo 100% natural 35-40cm cabelo natural Implanta\u00e7\u00e3o 45\u00ba"},"content":{"rendered":"","protected":false},"excerpt":{"rendered":"<ul>\n<li>Suporte inclu\u00eddo<\/li>\n<li>Implanta\u00e7\u00e3o 45\u00ba<\/li>\n<\/ul>\n","protected":false},"featured_media":21478,"comment_status":"open","ping_status":"closed","template":"","meta":{"inline_featured_image":false},"product_brand":[],"product_cat":[333,356],"product_tag":[417,189],"class_list":{"0":"post-23508","1":"product","2":"type-product","3":"status-publish","4":"has-post-thumbnail","6":"brand-eurostil-argentina","7":"product_cat-cabeleireiro-pt-pt","8":"product_cat-treinamento-pt-pt","9":"product_tag-cabeca-manequim","10":"product_tag-cabeza-maniqui","12":"first","13":"instock","14":"taxable","15":"shipping-taxable","16":"product-type-simple"},"_links":{"self":[{"href":"https:\/\/eurostil.com.ar\/pt-pt\/wp-json\/wp\/v2\/product\/23508","targetHints":{"allow":["GET"]}}],"collection":[{"href":"https:\/\/eurostil.com.ar\/pt-pt\/wp-json\/wp\/v2\/product"}],"about":[{"href":"https:\/\/eurostil.com.ar\/pt-pt\/wp-json\/wp\/v2\/types\/product"}],"replies":[{"embeddable":true,"href":"https:\/\/eurostil.com.ar\/pt-pt\/wp-json\/wp\/v2\/comments?post=23508"}],"wp:featuredmedia":[{"embeddable":true,"href":"https:\/\/eurostil.com.ar\/pt-pt\/wp-json\/wp\/v2\/media\/21478"}],"wp:attachment":[{"href":"https:\/\/eurostil.com.ar\/pt-pt\/wp-json\/wp\/v2\/media?parent=23508"}],"wp:term":[{"taxonomy":"product_brand","embeddable":true,"href":"https:\/\/eurostil.com.ar\/pt-pt\/wp-json\/wp\/v2\/product_brand?post=23508"},{"taxonomy":"product_cat","embeddable":true,"href":"https:\/\/eurostil.com.ar\/pt-pt\/wp-json\/wp\/v2\/product_cat?post=23508"},{"taxonomy":"product_tag","embeddable":true,"href":"https:\/\/eurostil.com.ar\/pt-pt\/wp-json\/wp\/v2\/product_tag?post=23508"}],"curies":[{"name":"wp","href":"https:\/\/api.w.org\/{rel}","templated":true}]}}