{"id":23507,"date":"2021-10-11T06:26:19","date_gmt":"2021-10-11T06:26:19","guid":{"rendered":"https:\/\/eurostil.com.ar\/producto\/cabeca-manequim-cabelo-100-sintetico-45-50cm\/"},"modified":"2021-12-24T11:20:57","modified_gmt":"2021-12-24T11:20:57","slug":"cabeca-manequim-cabelo-100-sintetico-45-50cm","status":"publish","type":"product","link":"https:\/\/eurostil.com.ar\/pt-pt\/producto\/cabeca-manequim-cabelo-100-sintetico-45-50cm\/","title":{"rendered":"Cabe\u00e7a manequim CABELO 100% SINT\u00c9TICO 45-50cm"},"content":{"rendered":"","protected":false},"excerpt":{"rendered":"<p>Cabe\u00e7as manequim CABELO 100% SINT\u00c9TICO<\/p>\n<ul>\n<li>42 Implantes por cm2<\/li>\n<li>6-7 cabelos por implante<\/li>\n<li>210 cabelo por cm2<\/li>\n<li>Para corte, penteado, coletado, seco e com prancha<\/li>\n<li>Temperatura m\u00e1xima 180\u00baC<\/li>\n<li>N\u00e3o descolorir, permanente e n\u00e3o tingir<\/li>\n<li>Suporte inclu\u00eddo<\/li>\n<li>Para tingir e permanente<\/li>\n<li>Max 140\u00ba<\/li>\n<\/ul>\n","protected":false},"featured_media":21468,"comment_status":"open","ping_status":"closed","template":"","meta":{"inline_featured_image":false},"product_brand":[],"product_cat":[333,356],"product_tag":[191],"class_list":{"0":"post-23507","1":"product","2":"type-product","3":"status-publish","4":"has-post-thumbnail","6":"brand-eurostil-argentina","7":"product_cat-cabeleireiro-pt-pt","8":"product_cat-treinamento-pt-pt","9":"product_tag-cabezas-maniqui","11":"first","12":"instock","13":"taxable","14":"shipping-taxable","15":"product-type-simple"},"_links":{"self":[{"href":"https:\/\/eurostil.com.ar\/pt-pt\/wp-json\/wp\/v2\/product\/23507","targetHints":{"allow":["GET"]}}],"collection":[{"href":"https:\/\/eurostil.com.ar\/pt-pt\/wp-json\/wp\/v2\/product"}],"about":[{"href":"https:\/\/eurostil.com.ar\/pt-pt\/wp-json\/wp\/v2\/types\/product"}],"replies":[{"embeddable":true,"href":"https:\/\/eurostil.com.ar\/pt-pt\/wp-json\/wp\/v2\/comments?post=23507"}],"wp:featuredmedia":[{"embeddable":true,"href":"https:\/\/eurostil.com.ar\/pt-pt\/wp-json\/wp\/v2\/media\/21468"}],"wp:attachment":[{"href":"https:\/\/eurostil.com.ar\/pt-pt\/wp-json\/wp\/v2\/media?parent=23507"}],"wp:term":[{"taxonomy":"product_brand","embeddable":true,"href":"https:\/\/eurostil.com.ar\/pt-pt\/wp-json\/wp\/v2\/product_brand?post=23507"},{"taxonomy":"product_cat","embeddable":true,"href":"https:\/\/eurostil.com.ar\/pt-pt\/wp-json\/wp\/v2\/product_cat?post=23507"},{"taxonomy":"product_tag","embeddable":true,"href":"https:\/\/eurostil.com.ar\/pt-pt\/wp-json\/wp\/v2\/product_tag?post=23507"}],"curies":[{"name":"wp","href":"https:\/\/api.w.org\/{rel}","templated":true}]}}