{"id":23233,"date":"2021-09-06T11:32:38","date_gmt":"2021-09-06T11:32:38","guid":{"rendered":"https:\/\/eurostil.com.ar\/product\/escova-pneumatica-desembaracar-para-cabelo-seco-e-molhado-cor-turquesa\/"},"modified":"2022-08-29T23:18:57","modified_gmt":"2022-08-29T23:18:57","slug":"escova-pneumatica-desembaracar-para-cabelo-seco-e-molhado-cor-turquesa","status":"publish","type":"product","link":"https:\/\/eurostil.com.ar\/pt-pt\/producto\/escova-pneumatica-desembaracar-para-cabelo-seco-e-molhado-cor-turquesa\/","title":{"rendered":"Escova pneumatica desembara\u00e7ar PARA CABELO SECO E MOLHADO cor turquesa"},"content":{"rendered":"","protected":false},"excerpt":{"rendered":"<p><strong>Escova pneumatica desembara\u00e7ar PARA CABELO SECO E MOLHADO <\/strong>Seus picos s\u00e3o o principal elemento diferenciador, o que os torna \u00fanicos. Dentes longos e suaves t\u00eam flexibilidade &#8220;inteligente&#8221; que determina quando eles devem permanecer firmes e quando eles devem ser flex\u00edveis.<\/p>\n<p>A escova perfeita para pessoas que perdem cabelo, t\u00eam caspa ou couro cabeludo sens\u00edvel, pois no final de cada dente tem uma ponta arredondada que massageia (e arrasta as escamas), sem \u201carranhar\u201d.<\/p>\n<p>T\u00eam uma almofada m\u00f3vel que os torna flex\u00edveis, s\u00e3o revestidos com uma borracha que n\u00e3o desliza e s\u00e3o altamente recomendados para quem usa extens\u00f5es ou perucas, porque v\u00e3o bem. para desvendar.<\/p>\n","protected":false},"featured_media":21876,"comment_status":"open","ping_status":"closed","template":"","meta":{"inline_featured_image":false},"product_brand":[],"product_cat":[333,358],"product_tag":[236],"class_list":{"0":"post-23233","1":"product","2":"type-product","3":"status-publish","4":"has-post-thumbnail","6":"brand-eurostil-argentina","7":"product_cat-cabeleireiro-pt-pt","8":"product_cat-pentes-e-escovas-pt-pt","9":"product_tag-cepillo-fuelle-desenredar","11":"first","12":"instock","13":"taxable","14":"shipping-taxable","15":"product-type-simple"},"_links":{"self":[{"href":"https:\/\/eurostil.com.ar\/pt-pt\/wp-json\/wp\/v2\/product\/23233","targetHints":{"allow":["GET"]}}],"collection":[{"href":"https:\/\/eurostil.com.ar\/pt-pt\/wp-json\/wp\/v2\/product"}],"about":[{"href":"https:\/\/eurostil.com.ar\/pt-pt\/wp-json\/wp\/v2\/types\/product"}],"replies":[{"embeddable":true,"href":"https:\/\/eurostil.com.ar\/pt-pt\/wp-json\/wp\/v2\/comments?post=23233"}],"wp:featuredmedia":[{"embeddable":true,"href":"https:\/\/eurostil.com.ar\/pt-pt\/wp-json\/wp\/v2\/media\/21876"}],"wp:attachment":[{"href":"https:\/\/eurostil.com.ar\/pt-pt\/wp-json\/wp\/v2\/media?parent=23233"}],"wp:term":[{"taxonomy":"product_brand","embeddable":true,"href":"https:\/\/eurostil.com.ar\/pt-pt\/wp-json\/wp\/v2\/product_brand?post=23233"},{"taxonomy":"product_cat","embeddable":true,"href":"https:\/\/eurostil.com.ar\/pt-pt\/wp-json\/wp\/v2\/product_cat?post=23233"},{"taxonomy":"product_tag","embeddable":true,"href":"https:\/\/eurostil.com.ar\/pt-pt\/wp-json\/wp\/v2\/product_tag?post=23233"}],"curies":[{"name":"wp","href":"https:\/\/api.w.org\/{rel}","templated":true}]}}