{"id":23141,"date":"2021-09-05T21:48:55","date_gmt":"2021-09-05T21:48:55","guid":{"rendered":"https:\/\/eurostil.com.ar\/product\/escova-poseidon\/"},"modified":"2021-09-05T21:48:59","modified_gmt":"2021-09-05T21:48:59","slug":"escova-poseidon","status":"publish","type":"product","link":"https:\/\/eurostil.com.ar\/pt-pt\/producto\/escova-poseidon\/","title":{"rendered":"Escova POSEIDON"},"content":{"rendered":"","protected":false},"excerpt":{"rendered":"<p>Os materiais das nossas escovas foram cuidadosamente selecionados para o cuidado da barba. Suas cerdas resistentes desembara\u00e7am os cabelos, removem as c\u00e9lulas mortas da pele e estimulam a circula\u00e7\u00e3o na \u00e1rea sem causar irrita\u00e7\u00e3o. Esses pinc\u00e9is tamb\u00e9m permitem aplicar cera ou \u00f3leo na barba. Feitas 100% com madeira natural. As cerdas 50% naturais e 50% nylon, proporcionam toque natural.<\/p>\n<p>Esta escova de tamanho reduzido sem punho e formato arredondado \u00e9 perfeita para aquelas barbas curtas. Seu tamanho pequeno nos permite alcan\u00e7ar as \u00e1reas dif\u00edceis de pentear como a \u00e1rea do bigode.<\/p>\n","protected":false},"featured_media":22214,"comment_status":"open","ping_status":"closed","template":"","meta":{"inline_featured_image":false},"product_brand":[],"product_cat":[335,359],"product_tag":[253],"class_list":{"0":"post-23141","1":"product","2":"type-product","3":"status-publish","4":"has-post-thumbnail","6":"brand-barber-line","7":"product_cat-barbearia-pt-pt","8":"product_cat-escovas-pt-pt","9":"product_tag-cepillo-barbero","11":"first","12":"instock","13":"taxable","14":"shipping-taxable","15":"product-type-simple"},"_links":{"self":[{"href":"https:\/\/eurostil.com.ar\/pt-pt\/wp-json\/wp\/v2\/product\/23141","targetHints":{"allow":["GET"]}}],"collection":[{"href":"https:\/\/eurostil.com.ar\/pt-pt\/wp-json\/wp\/v2\/product"}],"about":[{"href":"https:\/\/eurostil.com.ar\/pt-pt\/wp-json\/wp\/v2\/types\/product"}],"replies":[{"embeddable":true,"href":"https:\/\/eurostil.com.ar\/pt-pt\/wp-json\/wp\/v2\/comments?post=23141"}],"wp:featuredmedia":[{"embeddable":true,"href":"https:\/\/eurostil.com.ar\/pt-pt\/wp-json\/wp\/v2\/media\/22214"}],"wp:attachment":[{"href":"https:\/\/eurostil.com.ar\/pt-pt\/wp-json\/wp\/v2\/media?parent=23141"}],"wp:term":[{"taxonomy":"product_brand","embeddable":true,"href":"https:\/\/eurostil.com.ar\/pt-pt\/wp-json\/wp\/v2\/product_brand?post=23141"},{"taxonomy":"product_cat","embeddable":true,"href":"https:\/\/eurostil.com.ar\/pt-pt\/wp-json\/wp\/v2\/product_cat?post=23141"},{"taxonomy":"product_tag","embeddable":true,"href":"https:\/\/eurostil.com.ar\/pt-pt\/wp-json\/wp\/v2\/product_tag?post=23141"}],"curies":[{"name":"wp","href":"https:\/\/api.w.org\/{rel}","templated":true}]}}