{"id":23061,"date":"2021-09-03T05:56:06","date_gmt":"2021-09-03T05:56:06","guid":{"rendered":"https:\/\/eurostil.com.ar\/product\/bolsa-15-capas-utilizacao-unica\/"},"modified":"2021-09-03T05:56:10","modified_gmt":"2021-09-03T05:56:10","slug":"bolsa-15-capas-utilizacao-unica","status":"publish","type":"product","link":"https:\/\/eurostil.com.ar\/pt-pt\/producto\/bolsa-15-capas-utilizacao-unica\/","title":{"rendered":"BOLSA 15 CAPAS UTILIZA\u00c7\u00c3O \u00daNICA"},"content":{"rendered":"","protected":false},"excerpt":{"rendered":"","protected":false},"featured_media":22453,"comment_status":"open","ping_status":"closed","template":"","meta":{"inline_featured_image":false},"product_brand":[],"product_cat":[362,333,363],"product_tag":[272,475,276,270],"class_list":{"0":"post-23061","1":"product","2":"type-product","3":"status-publish","4":"has-post-thumbnail","6":"brand-eurostil-argentina","7":"product_cat-accesorios-tingimento-pt-pt","8":"product_cat-cabeleireiro-pt-pt","9":"product_cat-capas-e-aventais-pt-pt","10":"product_tag-accesorios-tintura","11":"product_tag-acessorios-de-teintura","12":"product_tag-delantal-tintura","13":"product_tag-tintura","15":"first","16":"instock","17":"taxable","18":"shipping-taxable","19":"product-type-simple"},"_links":{"self":[{"href":"https:\/\/eurostil.com.ar\/pt-pt\/wp-json\/wp\/v2\/product\/23061","targetHints":{"allow":["GET"]}}],"collection":[{"href":"https:\/\/eurostil.com.ar\/pt-pt\/wp-json\/wp\/v2\/product"}],"about":[{"href":"https:\/\/eurostil.com.ar\/pt-pt\/wp-json\/wp\/v2\/types\/product"}],"replies":[{"embeddable":true,"href":"https:\/\/eurostil.com.ar\/pt-pt\/wp-json\/wp\/v2\/comments?post=23061"}],"wp:featuredmedia":[{"embeddable":true,"href":"https:\/\/eurostil.com.ar\/pt-pt\/wp-json\/wp\/v2\/media\/22453"}],"wp:attachment":[{"href":"https:\/\/eurostil.com.ar\/pt-pt\/wp-json\/wp\/v2\/media?parent=23061"}],"wp:term":[{"taxonomy":"product_brand","embeddable":true,"href":"https:\/\/eurostil.com.ar\/pt-pt\/wp-json\/wp\/v2\/product_brand?post=23061"},{"taxonomy":"product_cat","embeddable":true,"href":"https:\/\/eurostil.com.ar\/pt-pt\/wp-json\/wp\/v2\/product_cat?post=23061"},{"taxonomy":"product_tag","embeddable":true,"href":"https:\/\/eurostil.com.ar\/pt-pt\/wp-json\/wp\/v2\/product_tag?post=23061"}],"curies":[{"name":"wp","href":"https:\/\/api.w.org\/{rel}","templated":true}]}}