{"id":22997,"date":"2021-09-03T05:19:55","date_gmt":"2021-09-03T05:19:55","guid":{"rendered":"https:\/\/eurostil.com.ar\/product\/laminas-de-substituicao-de-aco-para-cortadores\/"},"modified":"2021-09-03T05:19:59","modified_gmt":"2021-09-03T05:19:59","slug":"laminas-de-substituicao-de-aco-para-cortadores","status":"publish","type":"product","link":"https:\/\/eurostil.com.ar\/pt-pt\/producto\/laminas-de-substituicao-de-aco-para-cortadores\/","title":{"rendered":"L\u00c2MINAS DE SUBSTITUI\u00c7\u00c3O DE A\u00c7O PARA CORTADORES"},"content":{"rendered":"<p>De superf\u00edcie plana e muito fina. Folhas de qualidade com garantia de corte seguro para eliminar excesso de calos e \/ ou dureza nos p\u00e9s, gra\u00e7as a sua l\u00e2mina de precis\u00e3o, bordas de dois lados e cortes finos. Se adaptam a todos os cortadores standard.<\/p>\n","protected":false},"excerpt":{"rendered":"<p>&#8230;<\/p>\n","protected":false},"featured_media":22620,"comment_status":"open","ping_status":"closed","template":"","meta":{"inline_featured_image":false},"product_brand":[],"product_cat":[350,367],"product_tag":[287,283],"class_list":{"0":"post-22997","1":"product","2":"type-product","3":"status-publish","4":"has-post-thumbnail","6":"brand-pollie","7":"product_cat-estetica-pt-pt","8":"product_cat-manicure-maquillagem-depilacao-pt-pt","9":"product_tag-cortacallos","10":"product_tag-manicura","12":"first","13":"instock","14":"taxable","15":"shipping-taxable","16":"product-type-simple"},"_links":{"self":[{"href":"https:\/\/eurostil.com.ar\/pt-pt\/wp-json\/wp\/v2\/product\/22997","targetHints":{"allow":["GET"]}}],"collection":[{"href":"https:\/\/eurostil.com.ar\/pt-pt\/wp-json\/wp\/v2\/product"}],"about":[{"href":"https:\/\/eurostil.com.ar\/pt-pt\/wp-json\/wp\/v2\/types\/product"}],"replies":[{"embeddable":true,"href":"https:\/\/eurostil.com.ar\/pt-pt\/wp-json\/wp\/v2\/comments?post=22997"}],"wp:featuredmedia":[{"embeddable":true,"href":"https:\/\/eurostil.com.ar\/pt-pt\/wp-json\/wp\/v2\/media\/22620"}],"wp:attachment":[{"href":"https:\/\/eurostil.com.ar\/pt-pt\/wp-json\/wp\/v2\/media?parent=22997"}],"wp:term":[{"taxonomy":"product_brand","embeddable":true,"href":"https:\/\/eurostil.com.ar\/pt-pt\/wp-json\/wp\/v2\/product_brand?post=22997"},{"taxonomy":"product_cat","embeddable":true,"href":"https:\/\/eurostil.com.ar\/pt-pt\/wp-json\/wp\/v2\/product_cat?post=22997"},{"taxonomy":"product_tag","embeddable":true,"href":"https:\/\/eurostil.com.ar\/pt-pt\/wp-json\/wp\/v2\/product_tag?post=22997"}],"curies":[{"name":"wp","href":"https:\/\/api.w.org\/{rel}","templated":true}]}}