{"id":22995,"date":"2021-09-02T10:53:16","date_gmt":"2021-09-03T05:18:41","guid":{"rendered":"https:\/\/eurostil.com.ar\/product\/empurrador-de-cuticulas-duplo-em-aco-inoxidavel-2\/"},"modified":"2021-09-03T05:18:46","modified_gmt":"2021-09-03T05:18:46","slug":"empurrador-de-cuticulas-duplo-em-aco-inoxidavel-2","status":"publish","type":"product","link":"https:\/\/eurostil.com.ar\/pt-pt\/producto\/empurrador-de-cuticulas-duplo-em-aco-inoxidavel-2\/","title":{"rendered":"EMPURRADOR DE CUT\u00cdCULAS DUPLO EM A\u00c7O INOXID\u00c1VEL"},"content":{"rendered":"","protected":false},"excerpt":{"rendered":"","protected":false},"featured_media":22608,"comment_status":"open","ping_status":"closed","template":"","meta":{"inline_featured_image":false},"product_brand":[],"product_cat":[350,367],"product_tag":[],"class_list":{"0":"post-22995","1":"product","2":"type-product","3":"status-publish","4":"has-post-thumbnail","6":"brand-pollie","7":"product_cat-estetica-pt-pt","8":"product_cat-manicure-maquillagem-depilacao-pt-pt","10":"first","11":"instock","12":"taxable","13":"shipping-taxable","14":"product-type-simple"},"_links":{"self":[{"href":"https:\/\/eurostil.com.ar\/pt-pt\/wp-json\/wp\/v2\/product\/22995","targetHints":{"allow":["GET"]}}],"collection":[{"href":"https:\/\/eurostil.com.ar\/pt-pt\/wp-json\/wp\/v2\/product"}],"about":[{"href":"https:\/\/eurostil.com.ar\/pt-pt\/wp-json\/wp\/v2\/types\/product"}],"replies":[{"embeddable":true,"href":"https:\/\/eurostil.com.ar\/pt-pt\/wp-json\/wp\/v2\/comments?post=22995"}],"wp:featuredmedia":[{"embeddable":true,"href":"https:\/\/eurostil.com.ar\/pt-pt\/wp-json\/wp\/v2\/media\/22608"}],"wp:attachment":[{"href":"https:\/\/eurostil.com.ar\/pt-pt\/wp-json\/wp\/v2\/media?parent=22995"}],"wp:term":[{"taxonomy":"product_brand","embeddable":true,"href":"https:\/\/eurostil.com.ar\/pt-pt\/wp-json\/wp\/v2\/product_brand?post=22995"},{"taxonomy":"product_cat","embeddable":true,"href":"https:\/\/eurostil.com.ar\/pt-pt\/wp-json\/wp\/v2\/product_cat?post=22995"},{"taxonomy":"product_tag","embeddable":true,"href":"https:\/\/eurostil.com.ar\/pt-pt\/wp-json\/wp\/v2\/product_tag?post=22995"}],"curies":[{"name":"wp","href":"https:\/\/api.w.org\/{rel}","templated":true}]}}