{"id":22965,"date":"2021-09-02T11:50:37","date_gmt":"2021-09-03T05:04:37","guid":{"rendered":"https:\/\/eurostil.com.ar\/product\/aquecedor-roll-on\/"},"modified":"2021-10-18T10:29:39","modified_gmt":"2021-10-18T10:29:39","slug":"aquecedor-roll-on","status":"publish","type":"product","link":"https:\/\/eurostil.com.ar\/pt-pt\/producto\/aquecedor-roll-on\/","title":{"rendered":"AQUECEDOR ROLL-ON"},"content":{"rendered":"<p>\u2022 Aquecedor de cera roll-on com visor lateral do n\u00edvel de cera<br \/>\n\u2022 Design ergon\u00f4mico.<br \/>\n\u2022 R\u00e1pido para atingir a temperatura ideal<br \/>\n\u2022 Gra\u00e7as ao seu design interior, adapta-se a qualquer tipo de roll-on<br \/>\n\u2022 Termostato interno que mant\u00e9m a temperatura ideal para aplica\u00e7\u00e3o da cera.<br \/>\n\u2022 LED indicador ligado e desligado.<br \/>\n\u2022 100-240V~<\/p>\n","protected":false},"excerpt":{"rendered":"<p>&#8230;<\/p>\n","protected":false},"featured_media":22685,"comment_status":"open","ping_status":"closed","template":"","meta":{"inline_featured_image":false},"product_brand":[],"product_cat":[370,350,367],"product_tag":[],"class_list":{"0":"post-22965","1":"product","2":"type-product","3":"status-publish","4":"has-post-thumbnail","6":"brand-pollie","7":"product_cat-accesorios-manicure-maquillagem-depilacao-pt-pt","8":"product_cat-estetica-pt-pt","9":"product_cat-manicure-maquillagem-depilacao-pt-pt","11":"first","12":"instock","13":"taxable","14":"shipping-taxable","15":"product-type-simple"},"_links":{"self":[{"href":"https:\/\/eurostil.com.ar\/pt-pt\/wp-json\/wp\/v2\/product\/22965","targetHints":{"allow":["GET"]}}],"collection":[{"href":"https:\/\/eurostil.com.ar\/pt-pt\/wp-json\/wp\/v2\/product"}],"about":[{"href":"https:\/\/eurostil.com.ar\/pt-pt\/wp-json\/wp\/v2\/types\/product"}],"replies":[{"embeddable":true,"href":"https:\/\/eurostil.com.ar\/pt-pt\/wp-json\/wp\/v2\/comments?post=22965"}],"wp:featuredmedia":[{"embeddable":true,"href":"https:\/\/eurostil.com.ar\/pt-pt\/wp-json\/wp\/v2\/media\/22685"}],"wp:attachment":[{"href":"https:\/\/eurostil.com.ar\/pt-pt\/wp-json\/wp\/v2\/media?parent=22965"}],"wp:term":[{"taxonomy":"product_brand","embeddable":true,"href":"https:\/\/eurostil.com.ar\/pt-pt\/wp-json\/wp\/v2\/product_brand?post=22965"},{"taxonomy":"product_cat","embeddable":true,"href":"https:\/\/eurostil.com.ar\/pt-pt\/wp-json\/wp\/v2\/product_cat?post=22965"},{"taxonomy":"product_tag","embeddable":true,"href":"https:\/\/eurostil.com.ar\/pt-pt\/wp-json\/wp\/v2\/product_tag?post=22965"}],"curies":[{"name":"wp","href":"https:\/\/api.w.org\/{rel}","templated":true}]}}