{"id":22936,"date":"2021-09-03T04:53:31","date_gmt":"2021-09-03T04:53:31","guid":{"rendered":"https:\/\/eurostil.com.ar\/product\/lavatorio-portatil-com-pe-e-saida-de-agua-preta\/"},"modified":"2021-09-03T04:53:33","modified_gmt":"2021-09-03T04:53:33","slug":"lavatorio-portatil-com-pe-e-saida-de-agua-preta","status":"publish","type":"product","link":"https:\/\/eurostil.com.ar\/pt-pt\/producto\/lavatorio-portatil-com-pe-e-saida-de-agua-preta\/","title":{"rendered":"LAVATORIO PORT\u00c1TIL COM P\u00c9, E SA\u00cdDA DE \u00c1GUA PRETA"},"content":{"rendered":"","protected":false},"excerpt":{"rendered":"","protected":false},"featured_media":22755,"comment_status":"open","ping_status":"closed","template":"","meta":{"inline_featured_image":false},"product_brand":[],"product_cat":[333,372],"product_tag":[302,301,407],"class_list":{"0":"post-22936","1":"product","2":"type-product","3":"status-publish","4":"has-post-thumbnail","6":"brand-eurostil-argentina","7":"product_cat-cabeleireiro-pt-pt","8":"product_cat-mobilia-peluqueria-pt-pt","9":"product_tag-lavacabezas","10":"product_tag-mobiliario","11":"product_tag-mobiliario-pt-pt","13":"first","14":"instock","15":"taxable","16":"shipping-taxable","17":"product-type-simple"},"_links":{"self":[{"href":"https:\/\/eurostil.com.ar\/pt-pt\/wp-json\/wp\/v2\/product\/22936","targetHints":{"allow":["GET"]}}],"collection":[{"href":"https:\/\/eurostil.com.ar\/pt-pt\/wp-json\/wp\/v2\/product"}],"about":[{"href":"https:\/\/eurostil.com.ar\/pt-pt\/wp-json\/wp\/v2\/types\/product"}],"replies":[{"embeddable":true,"href":"https:\/\/eurostil.com.ar\/pt-pt\/wp-json\/wp\/v2\/comments?post=22936"}],"wp:featuredmedia":[{"embeddable":true,"href":"https:\/\/eurostil.com.ar\/pt-pt\/wp-json\/wp\/v2\/media\/22755"}],"wp:attachment":[{"href":"https:\/\/eurostil.com.ar\/pt-pt\/wp-json\/wp\/v2\/media?parent=22936"}],"wp:term":[{"taxonomy":"product_brand","embeddable":true,"href":"https:\/\/eurostil.com.ar\/pt-pt\/wp-json\/wp\/v2\/product_brand?post=22936"},{"taxonomy":"product_cat","embeddable":true,"href":"https:\/\/eurostil.com.ar\/pt-pt\/wp-json\/wp\/v2\/product_cat?post=22936"},{"taxonomy":"product_tag","embeddable":true,"href":"https:\/\/eurostil.com.ar\/pt-pt\/wp-json\/wp\/v2\/product_tag?post=22936"}],"curies":[{"name":"wp","href":"https:\/\/api.w.org\/{rel}","templated":true}]}}