{"id":22933,"date":"2021-09-03T04:50:42","date_gmt":"2021-09-03T04:50:42","guid":{"rendered":"https:\/\/eurostil.com.ar\/product\/poltrona-stratos\/"},"modified":"2021-09-03T04:50:42","modified_gmt":"2021-09-03T04:50:42","slug":"poltrona-stratos","status":"publish","type":"product","link":"https:\/\/eurostil.com.ar\/pt-pt\/producto\/poltrona-stratos\/","title":{"rendered":"POLTRONA STRATOS"},"content":{"rendered":"<p>Com repousa-p\u00e9s<br \/>\n\u2022 Eleva\u00e7\u00e3o hidr\u00e1ulica.<br \/>\n\u2022 Encosto 52 x 45 cm<br \/>\n\u2022 Largura bra\u00e7o a bra\u00e7o 50 cm<br \/>\n\u2022 Base assento 48 cm<br \/>\n\u2022 Bra\u00e7os cromados<\/p>\n","protected":false},"excerpt":{"rendered":"<p>&#8230;<\/p>\n","protected":false},"featured_media":22765,"comment_status":"open","ping_status":"closed","template":"","meta":{"inline_featured_image":false},"product_brand":[],"product_cat":[333,372],"product_tag":[301,303],"class_list":{"0":"post-22933","1":"product","2":"type-product","3":"status-publish","4":"has-post-thumbnail","6":"brand-eurostil-argentina","7":"product_cat-cabeleireiro-pt-pt","8":"product_cat-mobilia-peluqueria-pt-pt","9":"product_tag-mobiliario","10":"product_tag-silla-de-peluqueria","12":"first","13":"instock","14":"taxable","15":"shipping-taxable","16":"product-type-simple"},"_links":{"self":[{"href":"https:\/\/eurostil.com.ar\/pt-pt\/wp-json\/wp\/v2\/product\/22933","targetHints":{"allow":["GET"]}}],"collection":[{"href":"https:\/\/eurostil.com.ar\/pt-pt\/wp-json\/wp\/v2\/product"}],"about":[{"href":"https:\/\/eurostil.com.ar\/pt-pt\/wp-json\/wp\/v2\/types\/product"}],"replies":[{"embeddable":true,"href":"https:\/\/eurostil.com.ar\/pt-pt\/wp-json\/wp\/v2\/comments?post=22933"}],"wp:featuredmedia":[{"embeddable":true,"href":"https:\/\/eurostil.com.ar\/pt-pt\/wp-json\/wp\/v2\/media\/22765"}],"wp:attachment":[{"href":"https:\/\/eurostil.com.ar\/pt-pt\/wp-json\/wp\/v2\/media?parent=22933"}],"wp:term":[{"taxonomy":"product_brand","embeddable":true,"href":"https:\/\/eurostil.com.ar\/pt-pt\/wp-json\/wp\/v2\/product_brand?post=22933"},{"taxonomy":"product_cat","embeddable":true,"href":"https:\/\/eurostil.com.ar\/pt-pt\/wp-json\/wp\/v2\/product_cat?post=22933"},{"taxonomy":"product_tag","embeddable":true,"href":"https:\/\/eurostil.com.ar\/pt-pt\/wp-json\/wp\/v2\/product_tag?post=22933"}],"curies":[{"name":"wp","href":"https:\/\/api.w.org\/{rel}","templated":true}]}}