{"id":22920,"date":"2021-09-02T21:43:20","date_gmt":"2021-09-02T21:43:20","guid":{"rendered":"https:\/\/eurostil.com.ar\/product\/cadeira-comfort\/"},"modified":"2021-09-02T21:43:28","modified_gmt":"2021-09-02T21:43:28","slug":"cadeira-comfort","status":"publish","type":"product","link":"https:\/\/eurostil.com.ar\/pt-pt\/producto\/cadeira-comfort\/","title":{"rendered":"CADEIRA COMFORT"},"content":{"rendered":"<p>A nova poltrona de barbeiro COMFORT tem um design com linhas retas, mas que ao mesmo tempo est\u00e3o pensadas para dar a m\u00e1xima comodidade. O assento tem uma bomba hidr\u00e1ulica, a qual permite subir e baixar o assento, desta forma poder\u00e1 situar o cliente \u00e0 altura que se adapte melhor a cada trabalho.<\/p>\n","protected":false},"excerpt":{"rendered":"<p>&#8230;<\/p>\n","protected":false},"featured_media":22793,"comment_status":"open","ping_status":"closed","template":"","meta":{"inline_featured_image":false},"product_brand":[],"product_cat":[333,372],"product_tag":[301,303],"class_list":{"0":"post-22920","1":"product","2":"type-product","3":"status-publish","4":"has-post-thumbnail","6":"brand-eurostil-argentina","7":"product_cat-cabeleireiro-pt-pt","8":"product_cat-mobilia-peluqueria-pt-pt","9":"product_tag-mobiliario","10":"product_tag-silla-de-peluqueria","12":"first","13":"instock","14":"taxable","15":"shipping-taxable","16":"product-type-simple"},"_links":{"self":[{"href":"https:\/\/eurostil.com.ar\/pt-pt\/wp-json\/wp\/v2\/product\/22920","targetHints":{"allow":["GET"]}}],"collection":[{"href":"https:\/\/eurostil.com.ar\/pt-pt\/wp-json\/wp\/v2\/product"}],"about":[{"href":"https:\/\/eurostil.com.ar\/pt-pt\/wp-json\/wp\/v2\/types\/product"}],"replies":[{"embeddable":true,"href":"https:\/\/eurostil.com.ar\/pt-pt\/wp-json\/wp\/v2\/comments?post=22920"}],"wp:featuredmedia":[{"embeddable":true,"href":"https:\/\/eurostil.com.ar\/pt-pt\/wp-json\/wp\/v2\/media\/22793"}],"wp:attachment":[{"href":"https:\/\/eurostil.com.ar\/pt-pt\/wp-json\/wp\/v2\/media?parent=22920"}],"wp:term":[{"taxonomy":"product_brand","embeddable":true,"href":"https:\/\/eurostil.com.ar\/pt-pt\/wp-json\/wp\/v2\/product_brand?post=22920"},{"taxonomy":"product_cat","embeddable":true,"href":"https:\/\/eurostil.com.ar\/pt-pt\/wp-json\/wp\/v2\/product_cat?post=22920"},{"taxonomy":"product_tag","embeddable":true,"href":"https:\/\/eurostil.com.ar\/pt-pt\/wp-json\/wp\/v2\/product_tag?post=22920"}],"curies":[{"name":"wp","href":"https:\/\/api.w.org\/{rel}","templated":true}]}}