{"id":22918,"date":"2021-09-02T18:25:38","date_gmt":"2021-09-02T21:41:28","guid":{"rendered":"https:\/\/eurostil.com.ar\/product\/lavatorio-comfort\/"},"modified":"2021-10-18T14:35:40","modified_gmt":"2021-10-18T14:35:40","slug":"lavatorio-comfort","status":"publish","type":"product","link":"https:\/\/eurostil.com.ar\/pt-pt\/producto\/lavatorio-comfort\/","title":{"rendered":"LAVATORIO COMFORT"},"content":{"rendered":"<p>Novo lavatorio COMFORT tem um design com linhas modernas retas, mas que ao mesmo tempo s\u00e3o pensadas para conferir a m\u00e1xima comodidade ao cliente enquanto lava o cabelo. \u00c9 composto por uma pia de cer\u00e2mica funda, ergon\u00f3mica, reclin\u00e1vel e adapt\u00e1vel em cada servi\u00e7o.<\/p>\n","protected":false},"excerpt":{"rendered":"<p>&#8230;<\/p>\n","protected":false},"featured_media":22797,"comment_status":"open","ping_status":"closed","template":"","meta":{"inline_featured_image":false},"product_brand":[],"product_cat":[333,372],"product_tag":[407],"class_list":{"0":"post-22918","1":"product","2":"type-product","3":"status-publish","4":"has-post-thumbnail","6":"brand-eurostil-argentina","7":"product_cat-cabeleireiro-pt-pt","8":"product_cat-mobilia-peluqueria-pt-pt","9":"product_tag-mobiliario-pt-pt","11":"first","12":"instock","13":"taxable","14":"shipping-taxable","15":"product-type-simple"},"_links":{"self":[{"href":"https:\/\/eurostil.com.ar\/pt-pt\/wp-json\/wp\/v2\/product\/22918","targetHints":{"allow":["GET"]}}],"collection":[{"href":"https:\/\/eurostil.com.ar\/pt-pt\/wp-json\/wp\/v2\/product"}],"about":[{"href":"https:\/\/eurostil.com.ar\/pt-pt\/wp-json\/wp\/v2\/types\/product"}],"replies":[{"embeddable":true,"href":"https:\/\/eurostil.com.ar\/pt-pt\/wp-json\/wp\/v2\/comments?post=22918"}],"wp:featuredmedia":[{"embeddable":true,"href":"https:\/\/eurostil.com.ar\/pt-pt\/wp-json\/wp\/v2\/media\/22797"}],"wp:attachment":[{"href":"https:\/\/eurostil.com.ar\/pt-pt\/wp-json\/wp\/v2\/media?parent=22918"}],"wp:term":[{"taxonomy":"product_brand","embeddable":true,"href":"https:\/\/eurostil.com.ar\/pt-pt\/wp-json\/wp\/v2\/product_brand?post=22918"},{"taxonomy":"product_cat","embeddable":true,"href":"https:\/\/eurostil.com.ar\/pt-pt\/wp-json\/wp\/v2\/product_cat?post=22918"},{"taxonomy":"product_tag","embeddable":true,"href":"https:\/\/eurostil.com.ar\/pt-pt\/wp-json\/wp\/v2\/product_tag?post=22918"}],"curies":[{"name":"wp","href":"https:\/\/api.w.org\/{rel}","templated":true}]}}