{"id":22904,"date":"2021-09-02T21:34:45","date_gmt":"2021-09-02T21:34:45","guid":{"rendered":"https:\/\/eurostil.com.ar\/product\/poltrona-de-barber-vigor-marrom\/"},"modified":"2021-09-02T21:34:59","modified_gmt":"2021-09-02T21:34:59","slug":"poltrona-de-barber-vigor-marrom","status":"publish","type":"product","link":"https:\/\/eurostil.com.ar\/pt-pt\/producto\/poltrona-de-barber-vigor-marrom\/","title":{"rendered":"POLTRONA DE BARBER VIGOR MARROM"},"content":{"rendered":"<p>A nova poltrona de barbeiro Vigor est\u00e1 concebido com um estilo moderno, mas sem perder a sua funcionalidade e linhas cl\u00e1ssicas O cadeira tem uma bomba hidr\u00e1ulica, a qual permite subir e baixar o assento e assim poder\u00e1 situar o cliente \u00e0 altura que melhor se adapte ao trabalho A espuma do encosto tem uma espessura de 13,5 cm e a do assento \u00e9 de 11,5 cm, isto far\u00e1 com que o cliente se adapte bem ao assento e se encontre muito c\u00f3modo. O repousa-cabe\u00e7as \u00e9 extra\u00edvel e ajust\u00e1vel, portanto, pode adaptarse a cada trabalho. O encosto do assento pode ser inclinado 130\u00ba, quando isso \u00e9 feito, o apoia-p\u00e9s tamb\u00e9m se inclinar\u00e1 para dar o m\u00e1ximo conforto.<\/p>\n","protected":false},"excerpt":{"rendered":"<p>&#8230;<\/p>\n","protected":false},"featured_media":22817,"comment_status":"open","ping_status":"closed","template":"","meta":{"inline_featured_image":false},"product_brand":[],"product_cat":[335,374,338],"product_tag":[306,301,407,308],"class_list":{"0":"post-22904","1":"product","2":"type-product","3":"status-publish","4":"has-post-thumbnail","6":"brand-barber-line","7":"product_cat-barbearia-pt-pt","8":"product_cat-cadeira-de-barbeiro-pt-pt","9":"product_cat-mobilia-pt-pt","10":"product_tag-barberia","11":"product_tag-mobiliario","12":"product_tag-mobiliario-pt-pt","13":"product_tag-sillon-barbero","15":"first","16":"instock","17":"taxable","18":"shipping-taxable","19":"product-type-simple"},"_links":{"self":[{"href":"https:\/\/eurostil.com.ar\/pt-pt\/wp-json\/wp\/v2\/product\/22904","targetHints":{"allow":["GET"]}}],"collection":[{"href":"https:\/\/eurostil.com.ar\/pt-pt\/wp-json\/wp\/v2\/product"}],"about":[{"href":"https:\/\/eurostil.com.ar\/pt-pt\/wp-json\/wp\/v2\/types\/product"}],"replies":[{"embeddable":true,"href":"https:\/\/eurostil.com.ar\/pt-pt\/wp-json\/wp\/v2\/comments?post=22904"}],"wp:featuredmedia":[{"embeddable":true,"href":"https:\/\/eurostil.com.ar\/pt-pt\/wp-json\/wp\/v2\/media\/22817"}],"wp:attachment":[{"href":"https:\/\/eurostil.com.ar\/pt-pt\/wp-json\/wp\/v2\/media?parent=22904"}],"wp:term":[{"taxonomy":"product_brand","embeddable":true,"href":"https:\/\/eurostil.com.ar\/pt-pt\/wp-json\/wp\/v2\/product_brand?post=22904"},{"taxonomy":"product_cat","embeddable":true,"href":"https:\/\/eurostil.com.ar\/pt-pt\/wp-json\/wp\/v2\/product_cat?post=22904"},{"taxonomy":"product_tag","embeddable":true,"href":"https:\/\/eurostil.com.ar\/pt-pt\/wp-json\/wp\/v2\/product_tag?post=22904"}],"curies":[{"name":"wp","href":"https:\/\/api.w.org\/{rel}","templated":true}]}}