{"id":22898,"date":"2021-09-02T21:26:11","date_gmt":"2021-09-02T21:26:11","guid":{"rendered":"https:\/\/eurostil.com.ar\/product\/esillon-barbero-classic\/"},"modified":"2021-09-02T21:26:15","modified_gmt":"2021-09-02T21:26:15","slug":"esillon-barbero-classic","status":"publish","type":"product","link":"https:\/\/eurostil.com.ar\/pt-pt\/producto\/esillon-barbero-classic\/","title":{"rendered":"ESILL\u00d3N BARBERO CLASSIC"},"content":{"rendered":"<p>A nova poltrona de barbeiro CLASSIC com linhas cl\u00e1ssicas e acabamentos de \u00faltima gera\u00e7\u00e3o. Est\u00e1 dotado de bomba hidr\u00e1ulica para regular a altura do assento. O apoiap\u00e9s \u00e9 girat\u00f3rio e o encosto reclin\u00e1vel para dar o m\u00e1ximo conforto ao cliente. A espuma do encosto tem uma grossura de 2,5 cm e a do cadeira \u00e9 de 7,5 cm, isto far\u00e1 com que o cliente se adapte bem ao assento e se sinta muito c\u00f3modo. O repousa-cabe\u00e7as \u00e9 extra\u00edvel e ajust\u00e1vel a diferentes trabalhos. Dispon\u00edvel em tr\u00eas cores; preto, granada e verde.<\/p>\n","protected":false},"excerpt":{"rendered":"<p>&#8230;<\/p>\n","protected":false},"featured_media":22815,"comment_status":"open","ping_status":"closed","template":"","meta":{"inline_featured_image":false},"product_brand":[],"product_cat":[335,374,338],"product_tag":[306,301,407,308],"class_list":{"0":"post-22898","1":"product","2":"type-product","3":"status-publish","4":"has-post-thumbnail","6":"brand-barber-line","7":"product_cat-barbearia-pt-pt","8":"product_cat-cadeira-de-barbeiro-pt-pt","9":"product_cat-mobilia-pt-pt","10":"product_tag-barberia","11":"product_tag-mobiliario","12":"product_tag-mobiliario-pt-pt","13":"product_tag-sillon-barbero","15":"first","16":"instock","17":"taxable","18":"shipping-taxable","19":"product-type-simple"},"_links":{"self":[{"href":"https:\/\/eurostil.com.ar\/pt-pt\/wp-json\/wp\/v2\/product\/22898","targetHints":{"allow":["GET"]}}],"collection":[{"href":"https:\/\/eurostil.com.ar\/pt-pt\/wp-json\/wp\/v2\/product"}],"about":[{"href":"https:\/\/eurostil.com.ar\/pt-pt\/wp-json\/wp\/v2\/types\/product"}],"replies":[{"embeddable":true,"href":"https:\/\/eurostil.com.ar\/pt-pt\/wp-json\/wp\/v2\/comments?post=22898"}],"wp:featuredmedia":[{"embeddable":true,"href":"https:\/\/eurostil.com.ar\/pt-pt\/wp-json\/wp\/v2\/media\/22815"}],"wp:attachment":[{"href":"https:\/\/eurostil.com.ar\/pt-pt\/wp-json\/wp\/v2\/media?parent=22898"}],"wp:term":[{"taxonomy":"product_brand","embeddable":true,"href":"https:\/\/eurostil.com.ar\/pt-pt\/wp-json\/wp\/v2\/product_brand?post=22898"},{"taxonomy":"product_cat","embeddable":true,"href":"https:\/\/eurostil.com.ar\/pt-pt\/wp-json\/wp\/v2\/product_cat?post=22898"},{"taxonomy":"product_tag","embeddable":true,"href":"https:\/\/eurostil.com.ar\/pt-pt\/wp-json\/wp\/v2\/product_tag?post=22898"}],"curies":[{"name":"wp","href":"https:\/\/api.w.org\/{rel}","templated":true}]}}