{"id":23446,"date":"2021-10-08T16:32:13","date_gmt":"2021-10-08T16:32:13","guid":{"rendered":"https:\/\/eurostil.com.ar\/contactenos\/"},"modified":"2021-10-13T14:56:34","modified_gmt":"2021-10-13T14:56:34","slug":"contato-conosco","status":"publish","type":"page","link":"https:\/\/eurostil.com.ar\/pt-pt\/contato-conosco\/","title":{"rendered":"CONTATO CONOSCO"},"content":{"rendered":"<div class=\"wpb-content-wrapper\"><p>[vc_row full_width=&#8221;stretch_row_content_no_spaces&#8221;][vc_column][vc_gmaps link=&#8221;#E-8_JTNDaWZyYW1lJTIwc3JjJTNEJTIyaHR0cHMlM0ElMkYlMkZ3d3cuZ29vZ2xlLmNvbSUyRm1hcHMlMkZlbWJlZCUzRnBiJTNEJTIxMW0xOCUyMTFtMTIlMjExbTMlMjExZDMyODQuNTUwODExMzI1NTkxNCUyMTJkLTU4LjUyNTU3NDg0ODA4NTIxJTIxM2QtMzQuNTkwMjMwNzY0MTk4MDU0JTIxMm0zJTIxMWYwJTIxMmYwJTIxM2YwJTIxM20yJTIxMWkxMDI0JTIxMmk3NjglMjE0ZjEzLjElMjEzbTMlMjExbTIlMjExczB4OTViY2I3YmIwNGJjMzRhNSUyNTNBMHg2YzU1ZDhlMDNlZGI1OTFjJTIxMnNKdWFuJTI1MjBkZSUyNTIwR2FyYXklMjUyMDUyMyUyNTJDJTI1MjBWaWxsYSUyNTIwTHluY2glMjUyQyUyNTIwUHJvdmluY2lhJTI1MjBkZSUyNTIwQnVlbm9zJTI1MjBBaXJlcyUyNTJDJTI1MjBBcmdlbnRpbmElMjE1ZTAlMjEzbTIlMjExc2VzJTIxMnNlcyUyMTR2MTYzMTAzOTc1ODY5NiUyMTVtMiUyMTFzZXMlMjEyc2VzJTIyJTIwd2lkdGglM0QlMjIxOTIwJTIyJTIwaGVpZ2h0JTNEJTIyNDYwJTIyJTIwc3R5bGUlM0QlMjJib3JkZXIlM0EwJTNCJTIyJTIwYWxsb3dmdWxsc2NyZWVuJTNEJTIyJTIyJTIwbG9hZGluZyUzRCUyMmxhenklMjIlM0UlM0MlMkZpZnJhbWUlM0U=&#8221;][\/vc_column][\/vc_row][vc_row][vc_column width=&#8221;1\/2&#8243;][vc_empty_space][vc_text_separator title=&#8221;Formul\u00e1rio de contato&#8221; title_align=&#8221;separator_align_left&#8221; align=&#8221;align_right&#8221; color=&#8221;black&#8221;]\n<div class=\"wpcf7 no-js\" id=\"wpcf7-f17-o1\" lang=\"es-ES\" dir=\"ltr\" data-wpcf7-id=\"17\">\n<div class=\"screen-reader-response\"><p role=\"status\" aria-live=\"polite\" aria-atomic=\"true\"><\/p> <ul><\/ul><\/div>\n<form action=\"\/pt-pt\/wp-json\/wp\/v2\/pages\/23446#wpcf7-f17-o1\" method=\"post\" class=\"wpcf7-form init\" aria-label=\"Formulario de contacto\" novalidate=\"novalidate\" data-status=\"init\">\n<div style=\"display: none;\">\n<input type=\"hidden\" name=\"_wpcf7\" value=\"17\" \/>\n<input type=\"hidden\" name=\"_wpcf7_version\" value=\"6.0.6\" \/>\n<input type=\"hidden\" name=\"_wpcf7_locale\" value=\"es_ES\" \/>\n<input type=\"hidden\" name=\"_wpcf7_unit_tag\" value=\"wpcf7-f17-o1\" \/>\n<input type=\"hidden\" name=\"_wpcf7_container_post\" value=\"0\" \/>\n<input type=\"hidden\" name=\"_wpcf7_posted_data_hash\" value=\"\" \/>\n<\/div>\n<p><span class=\"wpcf7-form-control-wrap\" data-name=\"nombre\"><input size=\"40\" maxlength=\"400\" class=\"wpcf7-form-control wpcf7-text wpcf7-validates-as-required formulario-contacto\" aria-required=\"true\" aria-invalid=\"false\" placeholder=\"Nombre*\" value=\"\" type=\"text\" name=\"nombre\" \/><\/span>\n<\/p>\n<p><span class=\"wpcf7-form-control-wrap\" data-name=\"idioma\"><input size=\"40\" maxlength=\"400\" class=\"wpcf7-form-control wpcf7-text wpcf7-validates-as-required formulario-contacto\" aria-required=\"true\" aria-invalid=\"false\" placeholder=\"Idioma*\" value=\"\" type=\"text\" name=\"idioma\" \/><\/span>\n<\/p>\n<p><span class=\"wpcf7-form-control-wrap\" data-name=\"empresa\"><input size=\"40\" maxlength=\"400\" class=\"wpcf7-form-control wpcf7-text wpcf7-validates-as-required formulario-contacto\" aria-required=\"true\" aria-invalid=\"false\" placeholder=\"Empresa*\" value=\"\" type=\"text\" name=\"empresa\" \/><\/span>\n<\/p>\n<p><span class=\"wpcf7-form-control-wrap\" data-name=\"cuit\"><input size=\"40\" maxlength=\"400\" class=\"wpcf7-form-control wpcf7-text wpcf7-validates-as-required formulario-contacto\" aria-required=\"true\" aria-invalid=\"false\" placeholder=\"CUIT*\" value=\"\" type=\"text\" name=\"cuit\" \/><\/span>\n<\/p>\n<p><span class=\"wpcf7-form-control-wrap\" data-name=\"direccion\"><input size=\"40\" maxlength=\"400\" class=\"wpcf7-form-control wpcf7-text formulario-contacto\" aria-invalid=\"false\" placeholder=\"Direcci\u00f3n*\" value=\"\" type=\"text\" name=\"direccion\" \/><\/span>\n<\/p>\n<p><span class=\"wpcf7-form-control-wrap\" data-name=\"localidad\"><input size=\"40\" maxlength=\"400\" class=\"wpcf7-form-control wpcf7-text wpcf7-validates-as-required formulario-contacto\" aria-required=\"true\" aria-invalid=\"false\" placeholder=\"Localidad*\" value=\"\" type=\"text\" name=\"localidad\" \/><\/span>\n<\/p>\n<p><span class=\"wpcf7-form-control-wrap\" data-name=\"cp\"><input size=\"40\" maxlength=\"400\" class=\"wpcf7-form-control wpcf7-text wpcf7-validates-as-required formulario-contacto\" aria-required=\"true\" aria-invalid=\"false\" placeholder=\"C\u00f3digo postal*\" value=\"\" type=\"text\" name=\"cp\" \/><\/span>\n<\/p>\n<p><span class=\"wpcf7-form-control-wrap\" data-name=\"provincia\"><input size=\"40\" maxlength=\"400\" class=\"wpcf7-form-control wpcf7-text wpcf7-validates-as-required formulario-contacto\" aria-required=\"true\" aria-invalid=\"false\" placeholder=\"Provincia*\" value=\"\" type=\"text\" name=\"provincia\" \/><\/span>\n<\/p>\n<p><span class=\"wpcf7-form-control-wrap\" data-name=\"pais\"><input size=\"40\" maxlength=\"400\" class=\"wpcf7-form-control wpcf7-text wpcf7-validates-as-required formulario-contacto\" aria-required=\"true\" aria-invalid=\"false\" placeholder=\"Pa\u00eds*\" value=\"\" type=\"text\" name=\"pais\" \/><\/span>\n<\/p>\n<p><span class=\"wpcf7-form-control-wrap\" data-name=\"fax\"><input size=\"40\" maxlength=\"400\" class=\"wpcf7-form-control wpcf7-text wpcf7-validates-as-required formulario-contacto\" aria-required=\"true\" aria-invalid=\"false\" placeholder=\"FAX*\" value=\"\" type=\"text\" name=\"fax\" \/><\/span>\n<\/p>\n<p><span class=\"wpcf7-form-control-wrap\" data-name=\"telf\"><input size=\"40\" maxlength=\"400\" class=\"wpcf7-form-control wpcf7-text wpcf7-validates-as-required formulario-contacto\" aria-required=\"true\" aria-invalid=\"false\" placeholder=\"Tel\u00e9fono*\" value=\"\" type=\"text\" name=\"telf\" \/><\/span>\n<\/p>\n<p><span class=\"wpcf7-form-control-wrap\" data-name=\"email\"><input size=\"40\" maxlength=\"400\" class=\"wpcf7-form-control wpcf7-email wpcf7-validates-as-required wpcf7-text wpcf7-validates-as-email formulario-contacto\" aria-required=\"true\" aria-invalid=\"false\" placeholder=\"Email*\" value=\"\" type=\"email\" name=\"email\" \/><\/span>\n<\/p>\n<p><span class=\"wpcf7-form-control-wrap\" data-name=\"mensaje\"><textarea cols=\"40\" rows=\"10\" maxlength=\"2000\" class=\"wpcf7-form-control wpcf7-textarea wpcf7-validates-as-required formulario-contacto\" aria-required=\"true\" aria-invalid=\"false\" placeholder=\"Consulta*\" name=\"mensaje\"><\/textarea><\/span>\n<\/p>\n<p><span class=\"wpcf7-form-control-wrap\" data-name=\"acepto\"><span class=\"wpcf7-form-control wpcf7-acceptance\"><span class=\"wpcf7-list-item\"><input type=\"checkbox\" name=\"acepto\" value=\"1\" aria-invalid=\"false\" \/><\/span><\/span><\/span> He le\u00eddo y acepto la <a href=\"http:\/\/www.eurostil.es\/politica-de-privacidad-y-proteccion-de-datos\/\">pol\u00edtica de privacidad<\/a>\n<\/p>\n<p><span class=\"wpcf7-form-control-wrap\" data-name=\"publicaciones\"><span class=\"wpcf7-form-control wpcf7-checkbox\"><span class=\"wpcf7-list-item first last\"><input type=\"checkbox\" name=\"publicaciones[]\" value=\"Suscr\u00edbete a nuestra Newsletter para recibir informaci\u00f3n. Acepto el env\u00edo de publicaciones informativas as\u00ed como de correos promocionales de nuestros productos, eventos y cursos seg\u00fan la ley RGPD\" \/><span class=\"wpcf7-list-item-label\">Suscr\u00edbete a nuestra Newsletter para recibir informaci\u00f3n. Acepto el env\u00edo de publicaciones informativas as\u00ed como de correos promocionales de nuestros productos, eventos y cursos seg\u00fan la ley RGPD<\/span><\/span><\/span><\/span>\n<\/p>\n<p><button class=\"formulario-button\" id=\"submit\" type=\"submit\">Enviar<\/button>\n<\/p><div class=\"wpcf7-response-output\" aria-hidden=\"true\"><\/div>\n<\/form>\n<\/div>\n[\/vc_column][vc_column width=&#8221;1\/2&#8243;][vc_empty_space][vc_column_text css=&#8221;.vc_custom_1634135557834{margin-bottom: 15px !important;}&#8221;]<\/p>\n<h3>ENTRE EM CONTATO CONOSCO<\/h3>\n<p>Qualquer d\u00favida ou sugest\u00e3o que voc\u00ea tenha, teremos o maior prazer em ajud\u00e1-lo.<\/p>\n<p>[\/vc_column_text][vc_separator][vc_empty_space height=&#8221;15px&#8221;][vc_column_text]<\/p>\n<h4>EUROSTIL ARGENTINA<\/h4>\n<h5>Desde 1942. Cabeleireiro, Est\u00e9tica, Cosm\u00e9tica e Barbearia.<\/h5>\n<p>J. de Garay (91) &#8211; N\u00ba 523\/525<br \/>Villa Lynch<\/p>\n<p>Telefone: +5411 4713-9520<\/p>\n<p>Email: <a href=\"mailto:info@eurostil.com.ar\"><span id=\"link1\">info@eurostil.com.ar<\/span><\/a><\/p>\n<p>Whats Up: +54 11 6593 5235<\/p>\n<p>[\/vc_column_text][vc_empty_space height=&#8221;-15px&#8221;]<div class=\"et-follow-buttons  buttons-size-normal\"><a href=\"https:\/\/www.facebook.com\/eurostilargentina\" class=\"follow-facebook\" target=\"_blank\"><i class=\"fa fa-facebook\"><\/i><\/a><a href=\"https:\/\/www.instagram.com\/eurostil_argentina\/\" class=\"follow-instagram\" target=\"_blank\"><i class=\"fa fa-instagram\"><\/i><\/a><\/div>[\/vc_column][\/vc_row][vc_row disable_element=&#8221;yes&#8221;][vc_column width=&#8221;1\/2&#8243;][vc_empty_space][vc_single_image image=&#8221;23305&#8243; img_size=&#8221;full&#8221;][\/vc_column][vc_column width=&#8221;1\/2&#8243;][vc_empty_space][vc_text_separator title=&#8221;Reg\u00edstrate como profesional&#8221; title_align=&#8221;separator_align_left&#8221; align=&#8221;align_right&#8221; color=&#8221;black&#8221;][vc_column_text]La venta de todos los productos esta solamente destinada a mayoristas y\/o distribuidores.[\/vc_column_text]<p class=\"wpcf7-contact-form-not-found\"><strong>Erro:<\/strong> Formul\u00e1rio de contacto n\u00e3o encontrado.<\/p>[\/vc_column][\/vc_row]<\/p>\n<\/div>","protected":false},"excerpt":{"rendered":"<p>&#8230;<\/p>\n","protected":false},"author":1,"featured_media":0,"parent":0,"menu_order":0,"comment_status":"open","ping_status":"closed","template":"","meta":{"inline_featured_image":false,"footnotes":""},"class_list":["post-23446","page","type-page","status-publish","hentry"],"_links":{"self":[{"href":"https:\/\/eurostil.com.ar\/pt-pt\/wp-json\/wp\/v2\/pages\/23446","targetHints":{"allow":["GET"]}}],"collection":[{"href":"https:\/\/eurostil.com.ar\/pt-pt\/wp-json\/wp\/v2\/pages"}],"about":[{"href":"https:\/\/eurostil.com.ar\/pt-pt\/wp-json\/wp\/v2\/types\/page"}],"author":[{"embeddable":true,"href":"https:\/\/eurostil.com.ar\/pt-pt\/wp-json\/wp\/v2\/users\/1"}],"replies":[{"embeddable":true,"href":"https:\/\/eurostil.com.ar\/pt-pt\/wp-json\/wp\/v2\/comments?post=23446"}],"version-history":[{"count":16,"href":"https:\/\/eurostil.com.ar\/pt-pt\/wp-json\/wp\/v2\/pages\/23446\/revisions"}],"predecessor-version":[{"id":23681,"href":"https:\/\/eurostil.com.ar\/pt-pt\/wp-json\/wp\/v2\/pages\/23446\/revisions\/23681"}],"wp:attachment":[{"href":"https:\/\/eurostil.com.ar\/pt-pt\/wp-json\/wp\/v2\/media?parent=23446"}],"curies":[{"name":"wp","href":"https:\/\/api.w.org\/{rel}","templated":true}]}}